{"id":2331,"date":"2024-06-20T17:39:55","date_gmt":"2024-06-20T15:39:55","guid":{"rendered":"https:\/\/www.aureliemenaldo.fr\/projets\/litha-ostara-mabon\/"},"modified":"2024-06-26T21:13:13","modified_gmt":"2024-06-26T19:13:13","slug":"litha-ostara-mabon","status":"publish","type":"page","link":"https:\/\/www.aureliemenaldo.fr\/it\/projets\/litha-ostara-mabon\/","title":{"rendered":"Litha Ostara Mabon"},"content":{"rendered":"","protected":false},"excerpt":{"rendered":"","protected":false},"author":3,"featured_media":0,"parent":1915,"menu_order":0,"comment_status":"closed","ping_status":"closed","template":"page-projet.php","meta":{"_acf_changed":false,"footnotes":""},"class_list":["post-2331","page","type-page","status-publish","hentry"],"acf":[],"yoast_head":"<!-- This site is optimized with the Yoast SEO plugin v27.4 - https:\/\/yoast.com\/product\/yoast-seo-wordpress\/ -->\n<title>Litha Ostara Mabon - Aur\u00e9lie Menaldo<\/title>\n<meta name=\"description\" content=\"Sculpture dans l&#039;espace public. Trois troncs d&#039;arbre en bois br\u00fbl\u00e9 surmont\u00e9s de piquants et entour\u00e9s d&#039;un cercle de charbon au sol.\" \/>\n<meta name=\"robots\" content=\"index, follow, max-snippet:-1, max-image-preview:large, max-video-preview:-1\" \/>\n<link rel=\"canonical\" href=\"https:\/\/www.aureliemenaldo.fr\/it\/projets\/litha-ostara-mabon\/\" \/>\n<meta property=\"og:locale\" content=\"it_IT\" \/>\n<meta property=\"og:type\" content=\"article\" \/>\n<meta property=\"og:title\" content=\"Litha Ostara Mabon - Aur\u00e9lie Menaldo\" \/>\n<meta property=\"og:description\" content=\"Sculpture dans l&#039;espace public. Trois troncs d&#039;arbre en bois br\u00fbl\u00e9 surmont\u00e9s de piquants et entour\u00e9s d&#039;un cercle de charbon au sol.\" \/>\n<meta property=\"og:url\" content=\"https:\/\/www.aureliemenaldo.fr\/it\/projets\/litha-ostara-mabon\/\" \/>\n<meta property=\"og:site_name\" content=\"Aur\u00e9lie Menaldo\" \/>\n<meta property=\"article:modified_time\" content=\"2024-06-26T19:13:13+00:00\" \/>\n<meta name=\"twitter:card\" content=\"summary_large_image\" \/>\n<meta name=\"twitter:label1\" content=\"Tempo di lettura stimato\" \/>\n\t<meta name=\"twitter:data1\" content=\"2 minuti\" \/>\n<script type=\"application\/ld+json\" class=\"yoast-schema-graph\">{\"@context\":\"https:\\\/\\\/schema.org\",\"@graph\":[{\"@type\":\"WebPage\",\"@id\":\"https:\\\/\\\/www.aureliemenaldo.fr\\\/it\\\/projets\\\/litha-ostara-mabon\\\/\",\"url\":\"https:\\\/\\\/www.aureliemenaldo.fr\\\/it\\\/projets\\\/litha-ostara-mabon\\\/\",\"name\":\"Litha Ostara Mabon - Aur\u00e9lie Menaldo\",\"isPartOf\":{\"@id\":\"https:\\\/\\\/www.aureliemenaldo.fr\\\/it\\\/#website\"},\"datePublished\":\"2024-06-20T15:39:55+00:00\",\"dateModified\":\"2024-06-26T19:13:13+00:00\",\"description\":\"Sculpture dans l'espace public. Trois troncs d'arbre en bois br\u00fbl\u00e9 surmont\u00e9s de piquants et entour\u00e9s d'un cercle de charbon au sol.\",\"breadcrumb\":{\"@id\":\"https:\\\/\\\/www.aureliemenaldo.fr\\\/it\\\/projets\\\/litha-ostara-mabon\\\/#breadcrumb\"},\"inLanguage\":\"it-IT\",\"potentialAction\":[{\"@type\":\"ReadAction\",\"target\":[\"https:\\\/\\\/www.aureliemenaldo.fr\\\/it\\\/projets\\\/litha-ostara-mabon\\\/\"]}]},{\"@type\":\"BreadcrumbList\",\"@id\":\"https:\\\/\\\/www.aureliemenaldo.fr\\\/it\\\/projets\\\/litha-ostara-mabon\\\/#breadcrumb\",\"itemListElement\":[{\"@type\":\"ListItem\",\"position\":1,\"name\":\"Progetti\",\"item\":\"https:\\\/\\\/www.aureliemenaldo.fr\\\/it\\\/\"},{\"@type\":\"ListItem\",\"position\":2,\"name\":\"Litha Ostara Mabon\"}]},{\"@type\":\"WebSite\",\"@id\":\"https:\\\/\\\/www.aureliemenaldo.fr\\\/it\\\/#website\",\"url\":\"https:\\\/\\\/www.aureliemenaldo.fr\\\/it\\\/\",\"name\":\"Aur\u00e9lie Menaldo\",\"description\":\"Artiste - Sculptures, photos, vid\u00e9os, dessins\",\"publisher\":{\"@id\":\"https:\\\/\\\/www.aureliemenaldo.fr\\\/it\\\/#\\\/schema\\\/person\\\/85d748f66ac806ecfdb516a7df78b137\"},\"potentialAction\":[{\"@type\":\"SearchAction\",\"target\":{\"@type\":\"EntryPoint\",\"urlTemplate\":\"https:\\\/\\\/www.aureliemenaldo.fr\\\/it\\\/?s={search_term_string}\"},\"query-input\":{\"@type\":\"PropertyValueSpecification\",\"valueRequired\":true,\"valueName\":\"search_term_string\"}}],\"inLanguage\":\"it-IT\"},{\"@type\":[\"Person\",\"Organization\"],\"@id\":\"https:\\\/\\\/www.aureliemenaldo.fr\\\/it\\\/#\\\/schema\\\/person\\\/85d748f66ac806ecfdb516a7df78b137\",\"name\":\"Aur\u00e9lie Menaldo\",\"image\":{\"@type\":\"ImageObject\",\"inLanguage\":\"it-IT\",\"@id\":\"https:\\\/\\\/www.aureliemenaldo.fr\\\/wp-content\\\/uploads\\\/2023\\\/04\\\/aurelie-menaldo-logo.jpg\",\"url\":\"https:\\\/\\\/www.aureliemenaldo.fr\\\/wp-content\\\/uploads\\\/2023\\\/04\\\/aurelie-menaldo-logo.jpg\",\"contentUrl\":\"https:\\\/\\\/www.aureliemenaldo.fr\\\/wp-content\\\/uploads\\\/2023\\\/04\\\/aurelie-menaldo-logo.jpg\",\"width\":388,\"height\":277,\"caption\":\"Aur\u00e9lie Menaldo\"},\"logo\":{\"@id\":\"https:\\\/\\\/www.aureliemenaldo.fr\\\/wp-content\\\/uploads\\\/2023\\\/04\\\/aurelie-menaldo-logo.jpg\"}}]}<\/script>\n<!-- \/ Yoast SEO plugin. -->","yoast_head_json":{"title":"Litha Ostara Mabon - Aur\u00e9lie Menaldo","description":"Sculpture dans l'espace public. Trois troncs d'arbre en bois br\u00fbl\u00e9 surmont\u00e9s de piquants et entour\u00e9s d'un cercle de charbon au sol.","robots":{"index":"index","follow":"follow","max-snippet":"max-snippet:-1","max-image-preview":"max-image-preview:large","max-video-preview":"max-video-preview:-1"},"canonical":"https:\/\/www.aureliemenaldo.fr\/it\/projets\/litha-ostara-mabon\/","og_locale":"it_IT","og_type":"article","og_title":"Litha Ostara Mabon - Aur\u00e9lie Menaldo","og_description":"Sculpture dans l'espace public. Trois troncs d'arbre en bois br\u00fbl\u00e9 surmont\u00e9s de piquants et entour\u00e9s d'un cercle de charbon au sol.","og_url":"https:\/\/www.aureliemenaldo.fr\/it\/projets\/litha-ostara-mabon\/","og_site_name":"Aur\u00e9lie Menaldo","article_modified_time":"2024-06-26T19:13:13+00:00","twitter_card":"summary_large_image","twitter_misc":{"Tempo di lettura stimato":"2 minuti"},"schema":{"@context":"https:\/\/schema.org","@graph":[{"@type":"WebPage","@id":"https:\/\/www.aureliemenaldo.fr\/it\/projets\/litha-ostara-mabon\/","url":"https:\/\/www.aureliemenaldo.fr\/it\/projets\/litha-ostara-mabon\/","name":"Litha Ostara Mabon - Aur\u00e9lie Menaldo","isPartOf":{"@id":"https:\/\/www.aureliemenaldo.fr\/it\/#website"},"datePublished":"2024-06-20T15:39:55+00:00","dateModified":"2024-06-26T19:13:13+00:00","description":"Sculpture dans l'espace public. Trois troncs d'arbre en bois br\u00fbl\u00e9 surmont\u00e9s de piquants et entour\u00e9s d'un cercle de charbon au sol.","breadcrumb":{"@id":"https:\/\/www.aureliemenaldo.fr\/it\/projets\/litha-ostara-mabon\/#breadcrumb"},"inLanguage":"it-IT","potentialAction":[{"@type":"ReadAction","target":["https:\/\/www.aureliemenaldo.fr\/it\/projets\/litha-ostara-mabon\/"]}]},{"@type":"BreadcrumbList","@id":"https:\/\/www.aureliemenaldo.fr\/it\/projets\/litha-ostara-mabon\/#breadcrumb","itemListElement":[{"@type":"ListItem","position":1,"name":"Progetti","item":"https:\/\/www.aureliemenaldo.fr\/it\/"},{"@type":"ListItem","position":2,"name":"Litha Ostara Mabon"}]},{"@type":"WebSite","@id":"https:\/\/www.aureliemenaldo.fr\/it\/#website","url":"https:\/\/www.aureliemenaldo.fr\/it\/","name":"Aur\u00e9lie Menaldo","description":"Artiste - Sculptures, photos, vid\u00e9os, dessins","publisher":{"@id":"https:\/\/www.aureliemenaldo.fr\/it\/#\/schema\/person\/85d748f66ac806ecfdb516a7df78b137"},"potentialAction":[{"@type":"SearchAction","target":{"@type":"EntryPoint","urlTemplate":"https:\/\/www.aureliemenaldo.fr\/it\/?s={search_term_string}"},"query-input":{"@type":"PropertyValueSpecification","valueRequired":true,"valueName":"search_term_string"}}],"inLanguage":"it-IT"},{"@type":["Person","Organization"],"@id":"https:\/\/www.aureliemenaldo.fr\/it\/#\/schema\/person\/85d748f66ac806ecfdb516a7df78b137","name":"Aur\u00e9lie Menaldo","image":{"@type":"ImageObject","inLanguage":"it-IT","@id":"https:\/\/www.aureliemenaldo.fr\/wp-content\/uploads\/2023\/04\/aurelie-menaldo-logo.jpg","url":"https:\/\/www.aureliemenaldo.fr\/wp-content\/uploads\/2023\/04\/aurelie-menaldo-logo.jpg","contentUrl":"https:\/\/www.aureliemenaldo.fr\/wp-content\/uploads\/2023\/04\/aurelie-menaldo-logo.jpg","width":388,"height":277,"caption":"Aur\u00e9lie Menaldo"},"logo":{"@id":"https:\/\/www.aureliemenaldo.fr\/wp-content\/uploads\/2023\/04\/aurelie-menaldo-logo.jpg"}}]}},"_links":{"self":[{"href":"https:\/\/www.aureliemenaldo.fr\/it\/wp-json\/wp\/v2\/pages\/2331","targetHints":{"allow":["GET"]}}],"collection":[{"href":"https:\/\/www.aureliemenaldo.fr\/it\/wp-json\/wp\/v2\/pages"}],"about":[{"href":"https:\/\/www.aureliemenaldo.fr\/it\/wp-json\/wp\/v2\/types\/page"}],"author":[{"embeddable":true,"href":"https:\/\/www.aureliemenaldo.fr\/it\/wp-json\/wp\/v2\/users\/3"}],"replies":[{"embeddable":true,"href":"https:\/\/www.aureliemenaldo.fr\/it\/wp-json\/wp\/v2\/comments?post=2331"}],"version-history":[{"count":6,"href":"https:\/\/www.aureliemenaldo.fr\/it\/wp-json\/wp\/v2\/pages\/2331\/revisions"}],"predecessor-version":[{"id":2351,"href":"https:\/\/www.aureliemenaldo.fr\/it\/wp-json\/wp\/v2\/pages\/2331\/revisions\/2351"}],"up":[{"embeddable":true,"href":"https:\/\/www.aureliemenaldo.fr\/it\/wp-json\/wp\/v2\/pages\/1915"}],"wp:attachment":[{"href":"https:\/\/www.aureliemenaldo.fr\/it\/wp-json\/wp\/v2\/media?parent=2331"}],"curies":[{"name":"wp","href":"https:\/\/api.w.org\/{rel}","templated":true}]}}